{"id":166,"date":"2019-03-19T10:04:35","date_gmt":"2019-03-19T09:04:35","guid":{"rendered":"https:\/\/otulinablog.pl\/?page_id=166"},"modified":"2019-03-19T10:04:35","modified_gmt":"2019-03-19T09:04:35","slug":"czemu-otulina","status":"publish","type":"page","link":"https:\/\/otulinaosztuce.pl\/?page_id=166","title":{"rendered":"Czemu OTULINA?"},"content":{"rendered":"\n<p>Co mo\u017ce by\u0107 atrakcyjnego w otulinie? Do b\u00f3lu pragmatyczna kryje si\u0119 w zakamarkach instalacji, ochrania rury, kolanka i zawory. Ci\u0119ta, utykana, pospiesznie nawijana, nie cieszy si\u0119 zbyt du\u017cym uznaniem, umyka nam przy opisywaniu \u015bwiata.<\/p>\n\n\n\n<p>Jednak gdy po\u015bwi\u0119cimy jej chwil\u0119, posmakujemy jej brzmienie na j\u0119zyku &#8211; poczujemy jej mi\u0119kko\u015b\u0107, bezpiecze\u0144stwo jakie obiecuje i si\u0142\u0119, kt\u00f3ra si\u0119 z nim wi\u0105\u017ce. Otulina mo\u017ce okry\u0107 nas w ca\u0142o\u015bci, jest elastyczna, potrafi si\u0119 dostosowa\u0107, ale przede wszystkim chroni. Chroni przed zimnem, si\u0142\u0105 uderzenia i uszkodzeniem. Samo brzmienie jej nazwy kojarzy si\u0119 z tuleniem, koj\u0105cym dotykiem, bliskim kontaktem daj\u0105cym wsparcie, kt\u00f3remu cz\u0119sto towarzysz\u0105 s\u0142owa.<\/p>\n\n\n\n<p>Chc\u0119 tu snu\u0107 s\u0142owa, tak by uk\u0142ada\u0142y si\u0119 niczym sie\u0107 w\u0105tk\u00f3w buduj\u0105cych struktur\u0119 otuliny. Jak ona b\u0119d\u0105cych cz\u0119\u015bci\u0105 codzienno\u015bci, czasami pomijanej lub niezauwa\u017canej. Jednak, gdy je wypowiemy, gdy z\u0142o\u017cymy z nich korzystn\u0105 narracj\u0119, dadz\u0105 efekt otuliny. Na podobie\u0144stwo jej struktury, b\u0119d\u0105 mog\u0142y odk\u0142ada\u0107 si\u0119 cienk\u0105 warstw\u0105 w umy\u015ble. Z ka\u017cdym kolejnym razem ta warstwa staje si\u0119 troch\u0119 mocniejsza, buduj\u0105c poczucie bezpiecze\u0144stwa, wspieraj\u0105c dobrostan i chroni\u0105c przed ciosami z zewn\u0105trz. W takiej otulinie mo\u017cna przez chwil\u0119 si\u0119 ukry\u0107 i przyjrze\u0107 samej sobie, wyt\u0142umi\u0107 bod\u017ace z zewn\u0105trz. Po to, by tym wyra\u017aniej us\u0142ysze\u0107 s\u0142owa w\u0142asnej opowie\u015bci i zapanowa\u0107 nad ni\u0105.<\/p>\n\n\n\n<p>Otulina to te\u017c bezpieczny obszar, chroniony przed negatywnymi skutkami dzia\u0142alno\u015bci cz\u0142owieka. Opowiadanie i s\u0142uchanie historii jest jedn\u0105 z podstawowych cz\u0119\u015bci naszej natury. Je\u015bli \u015bwiadomie formu\u0142ujemy te narracje, b\u0119d\u0105 wyznacza\u0142y teren sprzyjaj\u0105cy naszemu rozwojowi, pozwol\u0105 nauczy\u0107 si\u0119 czego\u015b o \u015bwiecie i nas samych. Gdy poddamy si\u0119 niew\u0142a\u015bciwym historiom albo ulegniemy negatywnemu wp\u0142ywowi opowie\u015bci innych ludzi, mog\u0105 nas one otoczy\u0107 zbyt szczelnie, zamykaj\u0105c w sztywnych granicach zgorzknienia. B\u0119d\u0119 tu dzieli\u0142a si\u0119 opowie\u015bciami inspirowanymi moimi do\u015bwiadczeniami i metaforami, buduj\u0105c bezpieczn\u0105 przestrze\u0144, do kt\u00f3rej Was zapraszam.<\/p>\n\n\n\n<p>Mam przekonanie, \u017ce te opowie\u015bci mog\u0105 pom\u00f3c w innym spojrzeniu na \u015bwiat. Mo\u017ce w kim\u015b z Was zrodzi si\u0119 okrzyk odkrywcy: O TU LINA! Oto znalaz\u0142em drog\u0119 wyj\u015bcia z do\u0142ka, jamy, studni moich czarnych my\u015bli. A mo\u017ce b\u0119dzie w tym element zaskoczenia &#8211; co to za lina? Czy ja jej w og\u00f3le potrzebuj\u0119? Do czego mog\u0119 jej u\u017cy\u0107? A mo\u017ce tylko si\u0119 jej poprzygl\u0105dam. Cz\u0119\u015bci z Was pewnie w og\u00f3le si\u0119 nie przyda. Ale ja bardzo chc\u0119 j\u0105 sple\u015b\u0107. Chc\u0119 zobaczy\u0107 dok\u0105d si\u0119ga jej drugi koniec.<\/p>\n\n\n\n<p>B\u0119dzie mi mi\u0142o, je\u015bli b\u0119dziecie towarzyszy\u0107 mi w tej podr\u00f3\u017cy.<\/p>\n\n\n\n<figure class=\"wp-block-image\"><img loading=\"lazy\" decoding=\"async\" width=\"1024\" height=\"685\" src=\"https:\/\/otulinablog.pl\/wp-content\/uploads\/2019\/03\/post-1-1024x685.jpg\" alt=\"\" class=\"wp-image-65\" srcset=\"https:\/\/otulinaosztuce.pl\/wp-content\/uploads\/2019\/03\/post-1-1024x685.jpg 1024w, https:\/\/otulinaosztuce.pl\/wp-content\/uploads\/2019\/03\/post-1-300x201.jpg 300w, https:\/\/otulinaosztuce.pl\/wp-content\/uploads\/2019\/03\/post-1-768x514.jpg 768w, https:\/\/otulinaosztuce.pl\/wp-content\/uploads\/2019\/03\/post-1-1536x1028.jpg 1536w, https:\/\/otulinaosztuce.pl\/wp-content\/uploads\/2019\/03\/post-1-2048x1371.jpg 2048w, https:\/\/otulinaosztuce.pl\/wp-content\/uploads\/2019\/03\/post-1-850x569.jpg 850w\" sizes=\"auto, (max-width: 1024px) 100vw, 1024px\" \/><\/figure>\n<p>Views: 113<\/p>","protected":false},"excerpt":{"rendered":"<p>Co mo\u017ce by\u0107 atrakcyjnego w otulinie? Do b\u00f3lu pragmatyczna kryje si\u0119 w zakamarkach instalacji, ochrania rury, kolanka i zawory. Ci\u0119ta, utykana, pospiesznie nawijana, nie cieszy si\u0119 zbyt du\u017cym uznaniem, umyka nam przy opisywaniu \u015bwiata. Jednak gdy po\u015bwi\u0119cimy jej chwil\u0119, posmakujemy jej brzmienie na j\u0119zyku &#8211; poczujemy jej mi\u0119kko\u015b\u0107, bezpiecze\u0144stwo jakie obiecuje i si\u0142\u0119, kt\u00f3ra si\u0119&#8230;<\/p>\n","protected":false},"author":1,"featured_media":65,"parent":0,"menu_order":0,"comment_status":"closed","ping_status":"closed","template":"","meta":{"footnotes":""},"class_list":["post-166","page","type-page","status-publish","has-post-thumbnail","hentry"],"yoast_head":"<!-- This site is optimized with the Yoast SEO plugin v26.4 - https:\/\/yoast.com\/wordpress\/plugins\/seo\/ -->\n<title>Czemu OTULINA? - otulina o sztuce<\/title>\n<meta name=\"robots\" content=\"index, follow, max-snippet:-1, max-image-preview:large, max-video-preview:-1\" \/>\n<link rel=\"canonical\" href=\"https:\/\/otulinaosztuce.pl\/?page_id=166\" \/>\n<meta property=\"og:locale\" content=\"pl_PL\" \/>\n<meta property=\"og:type\" content=\"article\" \/>\n<meta property=\"og:title\" content=\"Czemu OTULINA? - otulina o sztuce\" \/>\n<meta property=\"og:description\" content=\"Co mo\u017ce by\u0107 atrakcyjnego w otulinie? Do b\u00f3lu pragmatyczna kryje si\u0119 w zakamarkach instalacji, ochrania rury, kolanka i zawory. Ci\u0119ta, utykana, pospiesznie nawijana, nie cieszy si\u0119 zbyt du\u017cym uznaniem, umyka nam przy opisywaniu \u015bwiata. Jednak gdy po\u015bwi\u0119cimy jej chwil\u0119, posmakujemy jej brzmienie na j\u0119zyku &#8211; poczujemy jej mi\u0119kko\u015b\u0107, bezpiecze\u0144stwo jakie obiecuje i si\u0142\u0119, kt\u00f3ra si\u0119...\" \/>\n<meta property=\"og:url\" content=\"https:\/\/otulinaosztuce.pl\/?page_id=166\" \/>\n<meta property=\"og:site_name\" content=\"otulina o sztuce\" \/>\n<meta property=\"og:image\" content=\"https:\/\/otulinaosztuce.pl\/wp-content\/uploads\/2019\/03\/post-1-scaled.jpg\" \/>\n\t<meta property=\"og:image:width\" content=\"2560\" \/>\n\t<meta property=\"og:image:height\" content=\"1714\" \/>\n\t<meta property=\"og:image:type\" content=\"image\/jpeg\" \/>\n<meta name=\"twitter:card\" content=\"summary_large_image\" \/>\n<meta name=\"twitter:label1\" content=\"Szacowany czas czytania\" \/>\n\t<meta name=\"twitter:data1\" content=\"2 minuty\" \/>\n<script type=\"application\/ld+json\" class=\"yoast-schema-graph\">{\"@context\":\"https:\/\/schema.org\",\"@graph\":[{\"@type\":\"WebPage\",\"@id\":\"https:\/\/otulinaosztuce.pl\/?page_id=166\",\"url\":\"https:\/\/otulinaosztuce.pl\/?page_id=166\",\"name\":\"Czemu OTULINA? - otulina o sztuce\",\"isPartOf\":{\"@id\":\"https:\/\/otulinaosztuce.pl\/#website\"},\"primaryImageOfPage\":{\"@id\":\"https:\/\/otulinaosztuce.pl\/?page_id=166#primaryimage\"},\"image\":{\"@id\":\"https:\/\/otulinaosztuce.pl\/?page_id=166#primaryimage\"},\"thumbnailUrl\":\"https:\/\/otulinaosztuce.pl\/wp-content\/uploads\/2019\/03\/post-1-scaled.jpg\",\"datePublished\":\"2019-03-19T09:04:35+00:00\",\"breadcrumb\":{\"@id\":\"https:\/\/otulinaosztuce.pl\/?page_id=166#breadcrumb\"},\"inLanguage\":\"pl-PL\",\"potentialAction\":[{\"@type\":\"ReadAction\",\"target\":[\"https:\/\/otulinaosztuce.pl\/?page_id=166\"]}]},{\"@type\":\"ImageObject\",\"inLanguage\":\"pl-PL\",\"@id\":\"https:\/\/otulinaosztuce.pl\/?page_id=166#primaryimage\",\"url\":\"https:\/\/otulinaosztuce.pl\/wp-content\/uploads\/2019\/03\/post-1-scaled.jpg\",\"contentUrl\":\"https:\/\/otulinaosztuce.pl\/wp-content\/uploads\/2019\/03\/post-1-scaled.jpg\",\"width\":2560,\"height\":1714},{\"@type\":\"BreadcrumbList\",\"@id\":\"https:\/\/otulinaosztuce.pl\/?page_id=166#breadcrumb\",\"itemListElement\":[{\"@type\":\"ListItem\",\"position\":1,\"name\":\"Strona g\u0142\u00f3wna\",\"item\":\"https:\/\/otulinaosztuce.pl\/\"},{\"@type\":\"ListItem\",\"position\":2,\"name\":\"Czemu OTULINA?\"}]},{\"@type\":\"WebSite\",\"@id\":\"https:\/\/otulinaosztuce.pl\/#website\",\"url\":\"https:\/\/otulinaosztuce.pl\/\",\"name\":\"otulina o sztuce\",\"description\":\"ALEKSANDRA JANISZEWSKA-CARDONE\",\"potentialAction\":[{\"@type\":\"SearchAction\",\"target\":{\"@type\":\"EntryPoint\",\"urlTemplate\":\"https:\/\/otulinaosztuce.pl\/?s={search_term_string}\"},\"query-input\":{\"@type\":\"PropertyValueSpecification\",\"valueRequired\":true,\"valueName\":\"search_term_string\"}}],\"inLanguage\":\"pl-PL\"}]}<\/script>\n<!-- \/ Yoast SEO plugin. -->","yoast_head_json":{"title":"Czemu OTULINA? - otulina o sztuce","robots":{"index":"index","follow":"follow","max-snippet":"max-snippet:-1","max-image-preview":"max-image-preview:large","max-video-preview":"max-video-preview:-1"},"canonical":"https:\/\/otulinaosztuce.pl\/?page_id=166","og_locale":"pl_PL","og_type":"article","og_title":"Czemu OTULINA? - otulina o sztuce","og_description":"Co mo\u017ce by\u0107 atrakcyjnego w otulinie? Do b\u00f3lu pragmatyczna kryje si\u0119 w zakamarkach instalacji, ochrania rury, kolanka i zawory. Ci\u0119ta, utykana, pospiesznie nawijana, nie cieszy si\u0119 zbyt du\u017cym uznaniem, umyka nam przy opisywaniu \u015bwiata. Jednak gdy po\u015bwi\u0119cimy jej chwil\u0119, posmakujemy jej brzmienie na j\u0119zyku &#8211; poczujemy jej mi\u0119kko\u015b\u0107, bezpiecze\u0144stwo jakie obiecuje i si\u0142\u0119, kt\u00f3ra si\u0119...","og_url":"https:\/\/otulinaosztuce.pl\/?page_id=166","og_site_name":"otulina o sztuce","og_image":[{"width":2560,"height":1714,"url":"https:\/\/otulinaosztuce.pl\/wp-content\/uploads\/2019\/03\/post-1-scaled.jpg","type":"image\/jpeg"}],"twitter_card":"summary_large_image","twitter_misc":{"Szacowany czas czytania":"2 minuty"},"schema":{"@context":"https:\/\/schema.org","@graph":[{"@type":"WebPage","@id":"https:\/\/otulinaosztuce.pl\/?page_id=166","url":"https:\/\/otulinaosztuce.pl\/?page_id=166","name":"Czemu OTULINA? - otulina o sztuce","isPartOf":{"@id":"https:\/\/otulinaosztuce.pl\/#website"},"primaryImageOfPage":{"@id":"https:\/\/otulinaosztuce.pl\/?page_id=166#primaryimage"},"image":{"@id":"https:\/\/otulinaosztuce.pl\/?page_id=166#primaryimage"},"thumbnailUrl":"https:\/\/otulinaosztuce.pl\/wp-content\/uploads\/2019\/03\/post-1-scaled.jpg","datePublished":"2019-03-19T09:04:35+00:00","breadcrumb":{"@id":"https:\/\/otulinaosztuce.pl\/?page_id=166#breadcrumb"},"inLanguage":"pl-PL","potentialAction":[{"@type":"ReadAction","target":["https:\/\/otulinaosztuce.pl\/?page_id=166"]}]},{"@type":"ImageObject","inLanguage":"pl-PL","@id":"https:\/\/otulinaosztuce.pl\/?page_id=166#primaryimage","url":"https:\/\/otulinaosztuce.pl\/wp-content\/uploads\/2019\/03\/post-1-scaled.jpg","contentUrl":"https:\/\/otulinaosztuce.pl\/wp-content\/uploads\/2019\/03\/post-1-scaled.jpg","width":2560,"height":1714},{"@type":"BreadcrumbList","@id":"https:\/\/otulinaosztuce.pl\/?page_id=166#breadcrumb","itemListElement":[{"@type":"ListItem","position":1,"name":"Strona g\u0142\u00f3wna","item":"https:\/\/otulinaosztuce.pl\/"},{"@type":"ListItem","position":2,"name":"Czemu OTULINA?"}]},{"@type":"WebSite","@id":"https:\/\/otulinaosztuce.pl\/#website","url":"https:\/\/otulinaosztuce.pl\/","name":"otulina o sztuce","description":"ALEKSANDRA JANISZEWSKA-CARDONE","potentialAction":[{"@type":"SearchAction","target":{"@type":"EntryPoint","urlTemplate":"https:\/\/otulinaosztuce.pl\/?s={search_term_string}"},"query-input":{"@type":"PropertyValueSpecification","valueRequired":true,"valueName":"search_term_string"}}],"inLanguage":"pl-PL"}]}},"jetpack-related-posts":[],"jetpack_sharing_enabled":true,"_links":{"self":[{"href":"https:\/\/otulinaosztuce.pl\/index.php?rest_route=\/wp\/v2\/pages\/166","targetHints":{"allow":["GET"]}}],"collection":[{"href":"https:\/\/otulinaosztuce.pl\/index.php?rest_route=\/wp\/v2\/pages"}],"about":[{"href":"https:\/\/otulinaosztuce.pl\/index.php?rest_route=\/wp\/v2\/types\/page"}],"author":[{"embeddable":true,"href":"https:\/\/otulinaosztuce.pl\/index.php?rest_route=\/wp\/v2\/users\/1"}],"replies":[{"embeddable":true,"href":"https:\/\/otulinaosztuce.pl\/index.php?rest_route=%2Fwp%2Fv2%2Fcomments&post=166"}],"version-history":[{"count":0,"href":"https:\/\/otulinaosztuce.pl\/index.php?rest_route=\/wp\/v2\/pages\/166\/revisions"}],"wp:featuredmedia":[{"embeddable":true,"href":"https:\/\/otulinaosztuce.pl\/index.php?rest_route=\/wp\/v2\/media\/65"}],"wp:attachment":[{"href":"https:\/\/otulinaosztuce.pl\/index.php?rest_route=%2Fwp%2Fv2%2Fmedia&parent=166"}],"curies":[{"name":"wp","href":"https:\/\/api.w.org\/{rel}","templated":true}]}}