{"id":162,"date":"2019-03-19T10:00:50","date_gmt":"2019-03-19T09:00:50","guid":{"rendered":"https:\/\/otulinablog.pl\/?page_id=162"},"modified":"2023-03-05T14:42:38","modified_gmt":"2023-03-05T14:42:38","slug":"o-mnie","status":"publish","type":"page","link":"https:\/\/otulinaosztuce.pl\/?page_id=162","title":{"rendered":"O mnie"},"content":{"rendered":"<div class=\"wp-block-image\">\n<figure class=\"aligncenter size-full\"><img loading=\"lazy\" decoding=\"async\" width=\"1024\" height=\"577\" src=\"https:\/\/otulinaosztuce.pl\/wp-content\/uploads\/2022\/02\/1644571255338-1024x577-1.png\" alt=\"\" class=\"wp-image-1910\" srcset=\"https:\/\/otulinaosztuce.pl\/wp-content\/uploads\/2022\/02\/1644571255338-1024x577-1.png 1024w, https:\/\/otulinaosztuce.pl\/wp-content\/uploads\/2022\/02\/1644571255338-1024x577-1-300x169.png 300w, https:\/\/otulinaosztuce.pl\/wp-content\/uploads\/2022\/02\/1644571255338-1024x577-1-768x433.png 768w\" sizes=\"auto, (max-width: 1024px) 100vw, 1024px\" \/><figcaption class=\"wp-element-caption\">Fot. Bartosz Bajerski \/ Muzeum Narodowe w Warszawie<\/figcaption><\/figure><\/div>\n\n\n<p class=\"has-drop-cap\">Nazywam si\u0119 Aleksandra Janiszewska-Cardone. Jestem historyczk\u0105 sztuki, kuratork\u0105 sztuki niderlandzkiej, holenderskiej i flamandzkiej w Muzeum Narodowym w Warszawie, a tak\u017ce pasjonatk\u0105 opowiadania o sztuce. <\/p>\n\n\n\n<p>Za\u0142o\u017cy\u0142am tego bloga w 2019 roku jako miejsce do dzielenia si\u0119 moim hobby z wi\u0119ksz\u0105 liczb\u0105 os\u00f3b ni\u017c grupa moich student\u00f3w na Uniwersytecie Warszawskim czy s\u0142uchaczami w muzeum, w kt\u00f3rym mam szcz\u0119\u015bcie pracowa\u0107.  Od tamtej pory prowadzenie bloga sta\u0142o si\u0119 dla mnie wspania\u0142\u0105 przygod\u0105 poprzez sztuk\u0119 i jej opowie\u015bci. Blog, zw\u0142aszcza w jego ods\u0142onie na  <a rel=\"noreferrer noopener\" href=\"https:\/\/www.facebook.com\/otulinablogpl\/\" target=\"_blank\">Facebooku<\/a>, pozwala mi na kontakt ze wszystkimi mi\u0142o\u015bnikami sztuki, kt\u00f3rzy maj\u0105 ochot\u0119 wej\u015b\u0107 ze mn\u0105 w kontakt.  <\/p>\n\n\n\n<p>Je\u015bli masz ochot\u0119, mo\u017cesz zajrze\u0107 na moj\u0105 stron\u0119 na <a rel=\"noreferrer noopener\" href=\"https:\/\/art-pl.academia.edu\/AleksandraJaniszewska\" target=\"_blank\">Academia.edu <\/a>, gdzie umieszczam niekt\u00f3re moje naukowe publikacje. Wsp\u00f3\u0142pracuj\u0119 r\u00f3wnie\u017c z fundacj\u0105 Niez\u0142a Sztuka zajmuj\u0105c\u0105 si\u0119 popularyzacj\u0105 wiedzy o kulturze i sztuce. Pisz\u0119 dla ich <a href=\"https:\/\/niezlasztuka.net\/author\/aleksandra-janiszewska\/\" target=\"_blank\" rel=\"noreferrer noopener\">strony<\/a>. <\/p>\n\n\n\n<p>Je\u015bli chcesz <strong>pos\u0142ucha\u0107<\/strong> jak opowiadam o sztuce, zapraszam do wys\u0142uchania oprowadzania po wystawie &#8222;<a href=\"https:\/\/fb.watch\/6g5L9Eu-Os\/\" target=\"_blank\" rel=\"noreferrer noopener\">R\u00f3\u017cne spojrzenia<\/a>&#8221; oraz <a href=\"https:\/\/fb.watch\/6g5kcoiTha\/\" target=\"_blank\" rel=\"noreferrer noopener\">wyk\u0142adu<\/a> do niej wprowadzaj\u0105cego. Mo\u017cesz r\u00f3wnie\u017c pos\u0142ucha\u0107 o jednym z <a href=\"https:\/\/fb.watch\/6g6tFNckc3\/\" target=\"_blank\" rel=\"noreferrer noopener\">obraz\u00f3w<\/a> z kolekcji MNW. Mia\u0142am te\u017c przyjemno\u015b\u0107 udzieli\u0107 <a href=\"https:\/\/fb.watch\/6g6xUXpA1r\/\" target=\"_blank\" rel=\"noreferrer noopener\">wywiadu<\/a> o wystawie &#8222;W warsztacie niderlandzkiego mistrza&#8221; (2017). A tak\u017ce spr\u00f3bowa\u0107 swoich si\u0142 na Tik Toku (obrazy &#8222;<a href=\"https:\/\/fb.watch\/6g6HIMrtHk\/\" target=\"_blank\" rel=\"noreferrer noopener\">W karczmie<\/a>&#8221; oraz &#8222;<a href=\"https:\/\/fb.watch\/6g6GHM3hv1\/\" target=\"_blank\" rel=\"noreferrer noopener\">Przeprawa przez rzek\u0119<\/a>&#8222;) \ud83d\ude42<\/p>\n\n\n\n<p>Je\u015bli ciekawi Ci\u0119 co jeszcze robi\u0119, zajrzyj na m\u00f3j profil na <a rel=\"noreferrer noopener\" href=\"http:\/\/www.linkedin.com\/in\/aleksandra-janiszewska-otulinablog\" target=\"_blank\">LinkedIn<\/a>. <\/p>\n\n\n\n<p>Czytelniczko i Czytelniku zapraszam do kontaktu. Mo\u017ce masz jakie\u015b ulubione dzie\u0142o o kt\u00f3rym chcia\u0142aby\u015b\/chcia\u0142by\u015b poczyta\u0107? Jestem te\u017c otwarta na propozycje wsp\u00f3\u0142pracy. <\/p>\n\n\n\n<p>Napisz do mnie. Mo\u017cesz skorzysta\u0107 z formularza poni\u017cej lub napisa\u0107 do mnie bezpo\u015brednio na adres: otulina.blog@gmail.com <\/p>\n\n\n<div class=\"wp-block-jetpack-contact-form\"><a href=\"https:\/\/otulinaosztuce.pl\/?page_id=162\" target=\"_blank\" rel=\"noopener noreferrer\">Prze\u015blij formularz.<\/a><\/div>\n\n\n<p><\/p>\n<p>Views: 432<\/p>","protected":false},"excerpt":{"rendered":"<p>Nazywam si\u0119 Aleksandra Janiszewska-Cardone. Jestem historyczk\u0105 sztuki, kuratork\u0105 sztuki niderlandzkiej, holenderskiej i flamandzkiej w Muzeum Narodowym w Warszawie, a tak\u017ce pasjonatk\u0105 opowiadania o sztuce. Za\u0142o\u017cy\u0142am tego bloga w 2019 roku jako miejsce do dzielenia si\u0119 moim hobby z wi\u0119ksz\u0105 liczb\u0105 os\u00f3b ni\u017c grupa moich student\u00f3w na Uniwersytecie Warszawskim czy s\u0142uchaczami w muzeum, w kt\u00f3rym mam&#8230;<\/p>\n","protected":false},"author":1,"featured_media":0,"parent":0,"menu_order":0,"comment_status":"closed","ping_status":"closed","template":"","meta":{"footnotes":""},"class_list":["post-162","page","type-page","status-publish","hentry"],"yoast_head":"<!-- This site is optimized with the Yoast SEO plugin v26.4 - https:\/\/yoast.com\/wordpress\/plugins\/seo\/ -->\n<title>O mnie - otulina o sztuce<\/title>\n<meta name=\"robots\" content=\"index, follow, max-snippet:-1, max-image-preview:large, max-video-preview:-1\" \/>\n<link rel=\"canonical\" href=\"https:\/\/otulinaosztuce.pl\/?page_id=162\" \/>\n<meta property=\"og:locale\" content=\"pl_PL\" \/>\n<meta property=\"og:type\" content=\"article\" \/>\n<meta property=\"og:title\" content=\"O mnie - otulina o sztuce\" \/>\n<meta property=\"og:description\" content=\"Nazywam si\u0119 Aleksandra Janiszewska-Cardone. Jestem historyczk\u0105 sztuki, kuratork\u0105 sztuki niderlandzkiej, holenderskiej i flamandzkiej w Muzeum Narodowym w Warszawie, a tak\u017ce pasjonatk\u0105 opowiadania o sztuce. Za\u0142o\u017cy\u0142am tego bloga w 2019 roku jako miejsce do dzielenia si\u0119 moim hobby z wi\u0119ksz\u0105 liczb\u0105 os\u00f3b ni\u017c grupa moich student\u00f3w na Uniwersytecie Warszawskim czy s\u0142uchaczami w muzeum, w kt\u00f3rym mam...\" \/>\n<meta property=\"og:url\" content=\"https:\/\/otulinaosztuce.pl\/?page_id=162\" \/>\n<meta property=\"og:site_name\" content=\"otulina o sztuce\" \/>\n<meta property=\"article:modified_time\" content=\"2023-03-05T14:42:38+00:00\" \/>\n<meta property=\"og:image\" content=\"https:\/\/otulinaosztuce.pl\/wp-content\/uploads\/2022\/02\/1644571255338-1024x577-1.png\" \/>\n<meta name=\"twitter:card\" content=\"summary_large_image\" \/>\n<meta name=\"twitter:label1\" content=\"Szacowany czas czytania\" \/>\n\t<meta name=\"twitter:data1\" content=\"2 minuty\" \/>\n<script type=\"application\/ld+json\" class=\"yoast-schema-graph\">{\"@context\":\"https:\/\/schema.org\",\"@graph\":[{\"@type\":\"WebPage\",\"@id\":\"https:\/\/otulinaosztuce.pl\/?page_id=162\",\"url\":\"https:\/\/otulinaosztuce.pl\/?page_id=162\",\"name\":\"O mnie - otulina o sztuce\",\"isPartOf\":{\"@id\":\"https:\/\/otulinaosztuce.pl\/#website\"},\"primaryImageOfPage\":{\"@id\":\"https:\/\/otulinaosztuce.pl\/?page_id=162#primaryimage\"},\"image\":{\"@id\":\"https:\/\/otulinaosztuce.pl\/?page_id=162#primaryimage\"},\"thumbnailUrl\":\"https:\/\/otulinaosztuce.pl\/wp-content\/uploads\/2022\/02\/1644571255338-1024x577-1.png\",\"datePublished\":\"2019-03-19T09:00:50+00:00\",\"dateModified\":\"2023-03-05T14:42:38+00:00\",\"breadcrumb\":{\"@id\":\"https:\/\/otulinaosztuce.pl\/?page_id=162#breadcrumb\"},\"inLanguage\":\"pl-PL\",\"potentialAction\":[{\"@type\":\"ReadAction\",\"target\":[\"https:\/\/otulinaosztuce.pl\/?page_id=162\"]}]},{\"@type\":\"ImageObject\",\"inLanguage\":\"pl-PL\",\"@id\":\"https:\/\/otulinaosztuce.pl\/?page_id=162#primaryimage\",\"url\":\"https:\/\/otulinaosztuce.pl\/wp-content\/uploads\/2022\/02\/1644571255338-1024x577-1.png\",\"contentUrl\":\"https:\/\/otulinaosztuce.pl\/wp-content\/uploads\/2022\/02\/1644571255338-1024x577-1.png\",\"width\":1024,\"height\":577},{\"@type\":\"BreadcrumbList\",\"@id\":\"https:\/\/otulinaosztuce.pl\/?page_id=162#breadcrumb\",\"itemListElement\":[{\"@type\":\"ListItem\",\"position\":1,\"name\":\"Strona g\u0142\u00f3wna\",\"item\":\"https:\/\/otulinaosztuce.pl\/\"},{\"@type\":\"ListItem\",\"position\":2,\"name\":\"O mnie\"}]},{\"@type\":\"WebSite\",\"@id\":\"https:\/\/otulinaosztuce.pl\/#website\",\"url\":\"https:\/\/otulinaosztuce.pl\/\",\"name\":\"otulina o sztuce\",\"description\":\"ALEKSANDRA JANISZEWSKA-CARDONE\",\"potentialAction\":[{\"@type\":\"SearchAction\",\"target\":{\"@type\":\"EntryPoint\",\"urlTemplate\":\"https:\/\/otulinaosztuce.pl\/?s={search_term_string}\"},\"query-input\":{\"@type\":\"PropertyValueSpecification\",\"valueRequired\":true,\"valueName\":\"search_term_string\"}}],\"inLanguage\":\"pl-PL\"}]}<\/script>\n<!-- \/ Yoast SEO plugin. -->","yoast_head_json":{"title":"O mnie - otulina o sztuce","robots":{"index":"index","follow":"follow","max-snippet":"max-snippet:-1","max-image-preview":"max-image-preview:large","max-video-preview":"max-video-preview:-1"},"canonical":"https:\/\/otulinaosztuce.pl\/?page_id=162","og_locale":"pl_PL","og_type":"article","og_title":"O mnie - otulina o sztuce","og_description":"Nazywam si\u0119 Aleksandra Janiszewska-Cardone. Jestem historyczk\u0105 sztuki, kuratork\u0105 sztuki niderlandzkiej, holenderskiej i flamandzkiej w Muzeum Narodowym w Warszawie, a tak\u017ce pasjonatk\u0105 opowiadania o sztuce. Za\u0142o\u017cy\u0142am tego bloga w 2019 roku jako miejsce do dzielenia si\u0119 moim hobby z wi\u0119ksz\u0105 liczb\u0105 os\u00f3b ni\u017c grupa moich student\u00f3w na Uniwersytecie Warszawskim czy s\u0142uchaczami w muzeum, w kt\u00f3rym mam...","og_url":"https:\/\/otulinaosztuce.pl\/?page_id=162","og_site_name":"otulina o sztuce","article_modified_time":"2023-03-05T14:42:38+00:00","og_image":[{"url":"https:\/\/otulinaosztuce.pl\/wp-content\/uploads\/2022\/02\/1644571255338-1024x577-1.png","type":"","width":"","height":""}],"twitter_card":"summary_large_image","twitter_misc":{"Szacowany czas czytania":"2 minuty"},"schema":{"@context":"https:\/\/schema.org","@graph":[{"@type":"WebPage","@id":"https:\/\/otulinaosztuce.pl\/?page_id=162","url":"https:\/\/otulinaosztuce.pl\/?page_id=162","name":"O mnie - otulina o sztuce","isPartOf":{"@id":"https:\/\/otulinaosztuce.pl\/#website"},"primaryImageOfPage":{"@id":"https:\/\/otulinaosztuce.pl\/?page_id=162#primaryimage"},"image":{"@id":"https:\/\/otulinaosztuce.pl\/?page_id=162#primaryimage"},"thumbnailUrl":"https:\/\/otulinaosztuce.pl\/wp-content\/uploads\/2022\/02\/1644571255338-1024x577-1.png","datePublished":"2019-03-19T09:00:50+00:00","dateModified":"2023-03-05T14:42:38+00:00","breadcrumb":{"@id":"https:\/\/otulinaosztuce.pl\/?page_id=162#breadcrumb"},"inLanguage":"pl-PL","potentialAction":[{"@type":"ReadAction","target":["https:\/\/otulinaosztuce.pl\/?page_id=162"]}]},{"@type":"ImageObject","inLanguage":"pl-PL","@id":"https:\/\/otulinaosztuce.pl\/?page_id=162#primaryimage","url":"https:\/\/otulinaosztuce.pl\/wp-content\/uploads\/2022\/02\/1644571255338-1024x577-1.png","contentUrl":"https:\/\/otulinaosztuce.pl\/wp-content\/uploads\/2022\/02\/1644571255338-1024x577-1.png","width":1024,"height":577},{"@type":"BreadcrumbList","@id":"https:\/\/otulinaosztuce.pl\/?page_id=162#breadcrumb","itemListElement":[{"@type":"ListItem","position":1,"name":"Strona g\u0142\u00f3wna","item":"https:\/\/otulinaosztuce.pl\/"},{"@type":"ListItem","position":2,"name":"O mnie"}]},{"@type":"WebSite","@id":"https:\/\/otulinaosztuce.pl\/#website","url":"https:\/\/otulinaosztuce.pl\/","name":"otulina o sztuce","description":"ALEKSANDRA JANISZEWSKA-CARDONE","potentialAction":[{"@type":"SearchAction","target":{"@type":"EntryPoint","urlTemplate":"https:\/\/otulinaosztuce.pl\/?s={search_term_string}"},"query-input":{"@type":"PropertyValueSpecification","valueRequired":true,"valueName":"search_term_string"}}],"inLanguage":"pl-PL"}]}},"jetpack-related-posts":[],"jetpack_sharing_enabled":true,"_links":{"self":[{"href":"https:\/\/otulinaosztuce.pl\/index.php?rest_route=\/wp\/v2\/pages\/162","targetHints":{"allow":["GET"]}}],"collection":[{"href":"https:\/\/otulinaosztuce.pl\/index.php?rest_route=\/wp\/v2\/pages"}],"about":[{"href":"https:\/\/otulinaosztuce.pl\/index.php?rest_route=\/wp\/v2\/types\/page"}],"author":[{"embeddable":true,"href":"https:\/\/otulinaosztuce.pl\/index.php?rest_route=\/wp\/v2\/users\/1"}],"replies":[{"embeddable":true,"href":"https:\/\/otulinaosztuce.pl\/index.php?rest_route=%2Fwp%2Fv2%2Fcomments&post=162"}],"version-history":[{"count":2,"href":"https:\/\/otulinaosztuce.pl\/index.php?rest_route=\/wp\/v2\/pages\/162\/revisions"}],"predecessor-version":[{"id":2330,"href":"https:\/\/otulinaosztuce.pl\/index.php?rest_route=\/wp\/v2\/pages\/162\/revisions\/2330"}],"wp:attachment":[{"href":"https:\/\/otulinaosztuce.pl\/index.php?rest_route=%2Fwp%2Fv2%2Fmedia&parent=162"}],"curies":[{"name":"wp","href":"https:\/\/api.w.org\/{rel}","templated":true}]}}